{"id":713,"date":"2018-06-10T11:31:38","date_gmt":"2018-06-10T11:31:38","guid":{"rendered":"http:\/\/urlaubundfotografie.de\/?page_id=713"},"modified":"2023-08-25T09:55:55","modified_gmt":"2023-08-25T09:55:55","slug":"die-hochseeinsel-helgoland-vom-30-mai-bis-zum-03-juni-2018","status":"publish","type":"page","link":"https:\/\/urlaubundfotografie.de\/?page_id=713","title":{"rendered":"Die Hochseeinsel Helgoland"},"content":{"rendered":"<p>[et_pb_section fb_built=&#8221;1&#8243; _builder_version=&#8221;3.22&#8243; background_color=&#8221;#000000&#8243;][et_pb_row _builder_version=&#8221;3.25&#8243; background_size=&#8221;initial&#8221; background_position=&#8221;top_left&#8221; background_repeat=&#8221;repeat&#8221;][et_pb_column type=&#8221;4_4&#8243; _builder_version=&#8221;3.25&#8243; custom_padding=&#8221;|||&#8221; custom_padding__hover=&#8221;|||&#8221;][et_pb_text _builder_version=&#8221;3.27.4&#8243;]<\/p>\n<h1><span style=\"color: #ffffff;\">Die Hochseeinsel Helgoland<\/span><\/h1>\n<p><span style=\"color: #ffffff;\"><b>Helgoland<\/b> [<span class=\"IPA\"><span title=\"Aussprache im Internationalen Phonetischen Alphabet (IPA)\">\u02c8h\u025bl.\u0261o\u02cclant<\/span><\/span>], auch <b>De\u00e4t Lun<\/b> (Helgol\u00e4nder Friesisch \u201eDas Land\u201c, <sup id=\"cite_ref-Impr_2-0\" class=\"reference\"><\/sup>englisch <span lang=\"en-Latn\"><i>Heligoland<\/i><\/span>) genannt, ist eine Nordseeinsel in der Deutschen Bucht. Die urspr\u00fcnglich gr\u00f6\u00dfere Insel zerbrach 1721; seitdem existiert die als <i>D\u00fcne<\/i> bezeichnete Nebeninsel<\/span><\/p>\n<p><span style=\"color: #ffffff;\">Auf Helgoland herrscht ein Klima, das vom Golfstrom beg\u00fcnstigt das ganze Jahr \u00fcber f\u00fcr angenehme Temperaturen sorgt. <strong>Ruhe und Erholung mitten im Meer:<\/strong>&nbsp;Natur pur, klare Luft, sauberes Wasser, wei\u00dfer Sandstrand und viel Sonne.Oder kurz gesagt Helgoland ist eine Reise wert.<\/span><br \/>\n[\/et_pb_text][et_pb_text _builder_version=&#8221;3.27.4&#8243;]ngg_shortcode_0_placeholder<br \/>\n[\/et_pb_text][\/et_pb_column][\/et_pb_row][\/et_pb_section]<\/p>\n","protected":false},"excerpt":{"rendered":"<p>Die Hochseeinsel Helgoland Helgoland [\u02c8h\u025bl.\u0261o\u02cclant], auch De\u00e4t Lun (Helgol\u00e4nder Friesisch \u201eDas Land\u201c, englisch Heligoland) genannt, ist eine Nordseeinsel in der Deutschen Bucht. Die urspr\u00fcnglich gr\u00f6\u00dfere Insel zerbrach 1721; seitdem existiert die als D\u00fcne bezeichnete Nebeninsel Auf Helgoland herrscht ein Klima, das vom Golfstrom beg\u00fcnstigt das ganze Jahr \u00fcber f\u00fcr angenehme Temperaturen sorgt. Ruhe und Erholung [&hellip;]<\/p>\n","protected":false},"author":2,"featured_media":0,"parent":19,"menu_order":2,"comment_status":"closed","ping_status":"closed","template":"","meta":{"_et_pb_use_builder":"on","_et_pb_old_content":"","_et_gb_content_width":"","ngg_post_thumbnail":0,"jetpack_post_was_ever_published":false,"footnotes":""},"class_list":["post-713","page","type-page","status-publish","hentry"],"jetpack_shortlink":"https:\/\/wp.me\/P6FbZP-bv","jetpack_sharing_enabled":true,"_links":{"self":[{"href":"https:\/\/urlaubundfotografie.de\/index.php?rest_route=\/wp\/v2\/pages\/713","targetHints":{"allow":["GET"]}}],"collection":[{"href":"https:\/\/urlaubundfotografie.de\/index.php?rest_route=\/wp\/v2\/pages"}],"about":[{"href":"https:\/\/urlaubundfotografie.de\/index.php?rest_route=\/wp\/v2\/types\/page"}],"author":[{"embeddable":true,"href":"https:\/\/urlaubundfotografie.de\/index.php?rest_route=\/wp\/v2\/users\/2"}],"replies":[{"embeddable":true,"href":"https:\/\/urlaubundfotografie.de\/index.php?rest_route=%2Fwp%2Fv2%2Fcomments&post=713"}],"version-history":[{"count":19,"href":"https:\/\/urlaubundfotografie.de\/index.php?rest_route=\/wp\/v2\/pages\/713\/revisions"}],"predecessor-version":[{"id":2798,"href":"https:\/\/urlaubundfotografie.de\/index.php?rest_route=\/wp\/v2\/pages\/713\/revisions\/2798"}],"up":[{"embeddable":true,"href":"https:\/\/urlaubundfotografie.de\/index.php?rest_route=\/wp\/v2\/pages\/19"}],"wp:attachment":[{"href":"https:\/\/urlaubundfotografie.de\/index.php?rest_route=%2Fwp%2Fv2%2Fmedia&parent=713"}],"curies":[{"name":"wp","href":"https:\/\/api.w.org\/{rel}","templated":true}]}}