{"id":521,"date":"2017-06-04T07:58:57","date_gmt":"2017-06-04T07:58:57","guid":{"rendered":"http:\/\/urlaubundfotografie.de\/?page_id=521"},"modified":"2018-08-19T12:11:19","modified_gmt":"2018-08-19T12:11:19","slug":"ein-wochenende-in-budapest","status":"publish","type":"page","link":"https:\/\/urlaubundfotografie.de\/?page_id=521","title":{"rendered":"Eine Woche in Budapest"},"content":{"rendered":"<p>[et_pb_section bb_built=&#8221;1&#8243; _builder_version=&#8221;3.4&#8243; background_color=&#8221;#000000&#8243;][et_pb_row][et_pb_column type=&#8221;4_4&#8243;][et_pb_text _builder_version=&#8221;3.4&#8243;]<\/p>\n<h1><span style=\"color: #ffffff;\">Eine Woche in Budapest<\/span><\/h1>\n<p><span style=\"color: #ffffff;\">Es wurde mal wieder Zeit f\u00fcr eine kurze Auszeit also ging es vom 28.04. bis zum 03.05.2017 nach Budapest.<\/span><\/p>\n<p><span style=\"color: #ffffff;\"><b>Budapest<\/b> ist die Hauptstadt und zugleich gr\u00f6\u00dfte Stadt Ungarns. Mit \u00fcber 1,7 Millionen Einwohnern ist Budapest die zehntgr\u00f6\u00dfte Stadt der Europ\u00e4ischen Union. Laut dem britischen Marktforschungsunternehmen <i>Euromonitor International<\/i> geh\u00f6rt sie zu den zwanzig am h\u00e4ufigsten von Touristen besuchten St\u00e4dten Europas. Die Einheitsgemeinde Budapest entstand 1873 durch die Zusammenlegung der zuvor selbstst\u00e4ndigen St\u00e4dte Buda (dt. <i>Ofen<\/i>), \u00d3buda (<i>Alt-Ofen<\/i>), beide westlich der Donau, und Pest \u00f6stlich der Donau. Der Name <i>Budapest<\/i> selbst tauchte zuvor nicht auf, \u00fcblich im Sprachgebrauch war <i>Pest-Buda<\/i>.<\/span><\/p>\n<p>[\/et_pb_text][et_pb_text _builder_version=&#8221;3.4&#8243;]<\/p>\nngg_shortcode_0_placeholder\n<p>[\/et_pb_text][\/et_pb_column][\/et_pb_row][\/et_pb_section]<\/p>\n","protected":false},"excerpt":{"rendered":"<p><div class=\"et_pb_row et_pb_row_0 et_pb_row_empty\">\n\t\t\t\t\n\t\t\t\t\n\t\t\t\t\n\t\t\t\t\n\t\t\t\t\n\t\t\t<\/div> Eine Woche in Budapest Es wurde mal wieder Zeit f\u00fcr eine kurze Auszeit also ging es vom 28.04. bis zum 03.05.2017 nach Budapest. Budapest ist die Hauptstadt und zugleich gr\u00f6\u00dfte Stadt Ungarns. Mit \u00fcber 1,7 Millionen Einwohnern ist Budapest die zehntgr\u00f6\u00dfte Stadt der Europ\u00e4ischen Union. Laut dem britischen Marktforschungsunternehmen Euromonitor International geh\u00f6rt sie zu [&hellip;]<\/p>\n","protected":false},"author":2,"featured_media":0,"parent":2,"menu_order":2,"comment_status":"closed","ping_status":"closed","template":"","meta":{"_et_pb_use_builder":"on","_et_pb_old_content":"<p>Es wurde mal wieder Zeit f\u00fcr eine kurze Auszeit also ging es vom 28.04. bis zum 03.05.2017 nach Budapest.<\/p><p>[ngg_images source=\"galleries\" container_ids=\"6\" display_type=\"photocrati-nextgen_basic_thumbnails\" override_thumbnail_settings=\"0\" thumbnail_width=\"240\" thumbnail_height=\"160\" thumbnail_crop=\"1\" images_per_page=\"35\" number_of_columns=\"0\" ajax_pagination=\"0\" show_all_in_lightbox=\"0\" use_imagebrowser_effect=\"0\" show_slideshow_link=\"1\" slideshow_link_text=\"[Zeige eine Slideshow]\" template=\"\/mnt\/web210\/c1\/96\/56731296\/htdocs\/WordPress_01\/wp-content\/plugins\/nextgen-gallery\/products\/photocrati_nextgen\/modules\/ngglegacy\/view\/gallery-caption.php\" order_by=\"sortorder\" order_direction=\"ASC\" returns=\"included\" maximum_entity_count=\"500\"]<\/p>","_et_gb_content_width":"","ngg_post_thumbnail":0,"jetpack_post_was_ever_published":false,"footnotes":""},"class_list":["post-521","page","type-page","status-publish","hentry"],"jetpack_shortlink":"https:\/\/wp.me\/P6FbZP-8p","jetpack_sharing_enabled":true,"_links":{"self":[{"href":"https:\/\/urlaubundfotografie.de\/index.php?rest_route=\/wp\/v2\/pages\/521","targetHints":{"allow":["GET"]}}],"collection":[{"href":"https:\/\/urlaubundfotografie.de\/index.php?rest_route=\/wp\/v2\/pages"}],"about":[{"href":"https:\/\/urlaubundfotografie.de\/index.php?rest_route=\/wp\/v2\/types\/page"}],"author":[{"embeddable":true,"href":"https:\/\/urlaubundfotografie.de\/index.php?rest_route=\/wp\/v2\/users\/2"}],"replies":[{"embeddable":true,"href":"https:\/\/urlaubundfotografie.de\/index.php?rest_route=%2Fwp%2Fv2%2Fcomments&post=521"}],"version-history":[{"count":8,"href":"https:\/\/urlaubundfotografie.de\/index.php?rest_route=\/wp\/v2\/pages\/521\/revisions"}],"predecessor-version":[{"id":2306,"href":"https:\/\/urlaubundfotografie.de\/index.php?rest_route=\/wp\/v2\/pages\/521\/revisions\/2306"}],"up":[{"embeddable":true,"href":"https:\/\/urlaubundfotografie.de\/index.php?rest_route=\/wp\/v2\/pages\/2"}],"wp:attachment":[{"href":"https:\/\/urlaubundfotografie.de\/index.php?rest_route=%2Fwp%2Fv2%2Fmedia&parent=521"}],"curies":[{"name":"wp","href":"https:\/\/api.w.org\/{rel}","templated":true}]}}