{"id":3004,"date":"2023-08-27T11:33:34","date_gmt":"2023-08-27T11:33:34","guid":{"rendered":"https:\/\/urlaubundfotografie.de\/?page_id=3004"},"modified":"2023-08-27T11:42:14","modified_gmt":"2023-08-27T11:42:14","slug":"insel-boa-vista-kapverden-2023","status":"publish","type":"page","link":"https:\/\/urlaubundfotografie.de\/?page_id=3004","title":{"rendered":"Insel Boa Vista &#8211; Kapverden 2023"},"content":{"rendered":"<p>[et_pb_section fb_built=&#8221;1&#8243; _builder_version=&#8221;4.16&#8243; background_color=&#8221;#000000&#8243; custom_padding=&#8221;54px|0px|54px|0px|false|false&#8221; locked=&#8221;off&#8221; global_colors_info=&#8221;{}&#8221; theme_builder_area=&#8221;post_content&#8221;][et_pb_row _builder_version=&#8221;4.16&#8243; background_size=&#8221;initial&#8221; background_position=&#8221;top_left&#8221; background_repeat=&#8221;repeat&#8221; global_colors_info=&#8221;{}&#8221; theme_builder_area=&#8221;post_content&#8221;][et_pb_column type=&#8221;4_4&#8243; _builder_version=&#8221;4.16&#8243; custom_padding=&#8221;|||&#8221; global_colors_info=&#8221;{}&#8221; custom_padding__hover=&#8221;|||&#8221; theme_builder_area=&#8221;post_content&#8221;][et_pb_text _builder_version=&#8221;4.16&#8243; global_colors_info=&#8221;{}&#8221; theme_builder_area=&#8221;post_content&#8221;]<\/p>\n<h1 class=\"et_pb_module_header et-fb-editable-element et-fb-editable-element__editing\" data-shortcode-id=\"0.0-1546519802658\" data-quickaccess-id=\"title\" contenteditable=\"true\"><span style=\"color: #ffffff;\"><span role=\"heading\" aria-level=\"1\" class=\"yKMVIe\">Insel Boa Vista &#8211; Kapverden 2023<\/span><\/span><\/h1>\n<p><span style=\"color: #ffffff;\">Die \u00f6stlichste und drittgr\u00f6\u00dfte Insel der Kapverden macht ihrem Namen alle Ehre \u2013 Boa Vista: Sch\u00f6ne Aussicht. W\u00e4hrend auf der kleineren Nachbarinsel Sal bereits Massentourismus Einzug gehalten hat, ist Boavista erst auf dem Weg dahin \u2013 dort geht es noch urspr\u00fcnglicher zu. Der internationale Flughafen wurde 2007 er\u00f6ffnet, gro\u00dfe Hotelketten wie Riu und Iberostar haben bereits einige Hotels gebaut. Trotzdem gibt es auch heute noch viele traumhafte Str\u00e4nde, die oftmals komplett menschenleer sind. Die \u201eSahara im Atlantik\u201c, wie Boa Vista auch genannt wird, hat Str\u00e4nde mit einer Gesamtl\u00e4nge von 55 km. Ansonsten ist die Landschaft von Sand- und Ger\u00f6llw\u00fcste gepr\u00e4gt, allerdings gibt es auch einige (niedrige) Gebirgsz\u00fcge.<\/span><\/p>\n<p><span style=\"color: #ffffff;\">Also ein Traumziel vor der K\u00fcste Westafrikas im Atlantik bei 25\u00b0 bis 30\u00b0 und Sonnenschein.<br \/><\/span><\/p>\n<p>[\/et_pb_text][et_pb_text _builder_version=&#8221;4.22.1&#8243; hover_enabled=&#8221;0&#8243; global_colors_info=&#8221;{}&#8221; theme_builder_area=&#8221;post_content&#8221; sticky_enabled=&#8221;0&#8243;]<\/p>\nngg_shortcode_0_placeholder\n<p>[\/et_pb_text][\/et_pb_column][\/et_pb_row][\/et_pb_section]<\/p>\n","protected":false},"excerpt":{"rendered":"<p>Insel Boa Vista &#8211; Kapverden 2023 Die \u00f6stlichste und drittgr\u00f6\u00dfte Insel der Kapverden macht ihrem Namen alle Ehre \u2013 Boa Vista: Sch\u00f6ne Aussicht. W\u00e4hrend auf der kleineren Nachbarinsel Sal bereits Massentourismus Einzug gehalten hat, ist Boavista erst auf dem Weg dahin \u2013 dort geht es noch urspr\u00fcnglicher zu. Der internationale Flughafen wurde 2007 er\u00f6ffnet, gro\u00dfe [&hellip;]<\/p>\n","protected":false},"author":2,"featured_media":0,"parent":21,"menu_order":5,"comment_status":"closed","ping_status":"closed","template":"","meta":{"_et_pb_use_builder":"on","_et_pb_old_content":"","_et_gb_content_width":"","ngg_post_thumbnail":0,"jetpack_post_was_ever_published":false,"footnotes":""},"class_list":["post-3004","page","type-page","status-publish","hentry"],"jetpack_shortlink":"https:\/\/wp.me\/P6FbZP-Ms","jetpack_sharing_enabled":true,"_links":{"self":[{"href":"https:\/\/urlaubundfotografie.de\/index.php?rest_route=\/wp\/v2\/pages\/3004","targetHints":{"allow":["GET"]}}],"collection":[{"href":"https:\/\/urlaubundfotografie.de\/index.php?rest_route=\/wp\/v2\/pages"}],"about":[{"href":"https:\/\/urlaubundfotografie.de\/index.php?rest_route=\/wp\/v2\/types\/page"}],"author":[{"embeddable":true,"href":"https:\/\/urlaubundfotografie.de\/index.php?rest_route=\/wp\/v2\/users\/2"}],"replies":[{"embeddable":true,"href":"https:\/\/urlaubundfotografie.de\/index.php?rest_route=%2Fwp%2Fv2%2Fcomments&post=3004"}],"version-history":[{"count":2,"href":"https:\/\/urlaubundfotografie.de\/index.php?rest_route=\/wp\/v2\/pages\/3004\/revisions"}],"predecessor-version":[{"id":3007,"href":"https:\/\/urlaubundfotografie.de\/index.php?rest_route=\/wp\/v2\/pages\/3004\/revisions\/3007"}],"up":[{"embeddable":true,"href":"https:\/\/urlaubundfotografie.de\/index.php?rest_route=\/wp\/v2\/pages\/21"}],"wp:attachment":[{"href":"https:\/\/urlaubundfotografie.de\/index.php?rest_route=%2Fwp%2Fv2%2Fmedia&parent=3004"}],"curies":[{"name":"wp","href":"https:\/\/api.w.org\/{rel}","templated":true}]}}