{"id":2940,"date":"2023-08-27T06:19:45","date_gmt":"2023-08-27T06:19:45","guid":{"rendered":"https:\/\/urlaubundfotografie.de\/?page_id=2940"},"modified":"2023-08-27T06:22:28","modified_gmt":"2023-08-27T06:22:28","slug":"oswiecim","status":"publish","type":"page","link":"https:\/\/urlaubundfotografie.de\/?page_id=2940","title":{"rendered":"O\u015bwi\u0119cim 2022"},"content":{"rendered":"<p>[et_pb_section fb_built=&#8221;1&#8243; _builder_version=&#8221;4.16&#8243; background_color=&#8221;#000000&#8243; custom_padding=&#8221;54px|0px|54px|0px|false|false&#8221; locked=&#8221;off&#8221; global_colors_info=&#8221;{}&#8221; theme_builder_area=&#8221;post_content&#8221;][et_pb_row _builder_version=&#8221;4.16&#8243; background_size=&#8221;initial&#8221; background_position=&#8221;top_left&#8221; background_repeat=&#8221;repeat&#8221; global_colors_info=&#8221;{}&#8221; theme_builder_area=&#8221;post_content&#8221;][et_pb_column type=&#8221;4_4&#8243; _builder_version=&#8221;4.16&#8243; custom_padding=&#8221;|||&#8221; global_colors_info=&#8221;{}&#8221; custom_padding__hover=&#8221;|||&#8221; theme_builder_area=&#8221;post_content&#8221;][et_pb_text _builder_version=&#8221;4.16&#8243; global_colors_info=&#8221;{}&#8221; theme_builder_area=&#8221;post_content&#8221;]<\/p>\n<h1 class=\"et_pb_module_header et-fb-editable-element et-fb-editable-element__editing\" data-shortcode-id=\"0.0-1546519802658\" data-quickaccess-id=\"title\" contenteditable=\"true\"><span style=\"color: #ffffff;\"><span role=\"heading\" aria-level=\"1\" class=\"yKMVIe\">O\u015bwi\u0119cim<\/span><\/span><\/h1>\n<p><span style=\"color: #ffffff;\">Singapur eine quirliege Metropole und vielleicht eine der sch\u00f6nsten St\u00e4dte der Welt. Vom Botanischen Garten \u00fcber Chinatown und Little India bis zum Marina Bay Sands gibt es viel zu sehen. Auch wenn drei Tage nur f\u00fcr einen kleinen Eindruck reichen.<\/span><\/p>\n<p><span style=\"color: #ffffff;\">Auschwitz \u2013 Ort und Symbol der nationalsozialistischen Vernichtungsmaschinerie. Der Name der s\u00fcdpolnischen Stadt steht f\u00fcr den millionenfachen Mord an Juden, Sinti und Roma und Menschen, die nach der NS-Rassenideologie nicht zur \u201eVolksgemeinschaft\u201c geh\u00f6rten. Ich durfte im August 2022 im Kreise von Kollegen sowohl die Stadt aber auch Zeugnisse der nationalsozialistischen Vernichtungsmaschinerie kennenlernen. Hier ein paar Impressionen.<br \/><\/span><\/p>\n<p>[\/et_pb_text][et_pb_text _builder_version=&#8221;4.22.1&#8243; global_colors_info=&#8221;{}&#8221; theme_builder_area=&#8221;post_content&#8221;]<\/p>\nngg_shortcode_0_placeholder\n<p>[\/et_pb_text][\/et_pb_column][\/et_pb_row][\/et_pb_section]<\/p>\n","protected":false},"excerpt":{"rendered":"<p>O\u015bwi\u0119cim Singapur eine quirliege Metropole und vielleicht eine der sch\u00f6nsten St\u00e4dte der Welt. Vom Botanischen Garten \u00fcber Chinatown und Little India bis zum Marina Bay Sands gibt es viel zu sehen. Auch wenn drei Tage nur f\u00fcr einen kleinen Eindruck reichen. Auschwitz \u2013 Ort und Symbol der nationalsozialistischen Vernichtungsmaschinerie. Der Name der s\u00fcdpolnischen Stadt steht [&hellip;]<\/p>\n","protected":false},"author":2,"featured_media":0,"parent":2,"menu_order":0,"comment_status":"closed","ping_status":"closed","template":"","meta":{"_et_pb_use_builder":"on","_et_pb_old_content":"","_et_gb_content_width":"","ngg_post_thumbnail":0,"jetpack_post_was_ever_published":false,"footnotes":""},"class_list":["post-2940","page","type-page","status-publish","hentry"],"jetpack_shortlink":"https:\/\/wp.me\/P6FbZP-Lq","jetpack_sharing_enabled":true,"_links":{"self":[{"href":"https:\/\/urlaubundfotografie.de\/index.php?rest_route=\/wp\/v2\/pages\/2940","targetHints":{"allow":["GET"]}}],"collection":[{"href":"https:\/\/urlaubundfotografie.de\/index.php?rest_route=\/wp\/v2\/pages"}],"about":[{"href":"https:\/\/urlaubundfotografie.de\/index.php?rest_route=\/wp\/v2\/types\/page"}],"author":[{"embeddable":true,"href":"https:\/\/urlaubundfotografie.de\/index.php?rest_route=\/wp\/v2\/users\/2"}],"replies":[{"embeddable":true,"href":"https:\/\/urlaubundfotografie.de\/index.php?rest_route=%2Fwp%2Fv2%2Fcomments&post=2940"}],"version-history":[{"count":5,"href":"https:\/\/urlaubundfotografie.de\/index.php?rest_route=\/wp\/v2\/pages\/2940\/revisions"}],"predecessor-version":[{"id":2948,"href":"https:\/\/urlaubundfotografie.de\/index.php?rest_route=\/wp\/v2\/pages\/2940\/revisions\/2948"}],"up":[{"embeddable":true,"href":"https:\/\/urlaubundfotografie.de\/index.php?rest_route=\/wp\/v2\/pages\/2"}],"wp:attachment":[{"href":"https:\/\/urlaubundfotografie.de\/index.php?rest_route=%2Fwp%2Fv2%2Fmedia&parent=2940"}],"curies":[{"name":"wp","href":"https:\/\/api.w.org\/{rel}","templated":true}]}}