{"id":286,"date":"2016-12-27T06:22:31","date_gmt":"2016-12-27T06:22:31","guid":{"rendered":"http:\/\/urlaubundfotografie.de\/?page_id=286"},"modified":"2018-08-13T15:29:09","modified_gmt":"2018-08-13T15:29:09","slug":"kapstadt-und-namibia-vom-29-12-2016-bis-zum-25-01-2017","status":"publish","type":"page","link":"https:\/\/urlaubundfotografie.de\/?page_id=286","title":{"rendered":"Die geplante Route"},"content":{"rendered":"<p>[et_pb_section bb_built=&#8221;1&#8243;][et_pb_row][et_pb_column type=&#8221;4_4&#8243;][et_pb_text _builder_version=&#8221;3.4&#8243;]<\/p>\n<h1 class=\"entry-title main_title\">Die geplante Route<\/h1>\n<p><strong>Do 29.12.2016<\/strong>&nbsp;&nbsp; &nbsp;Hannover &#8211; M\u00fcnchen &#8211; Kapstadt<br \/>\n<strong>Fr 30.12.2106<\/strong> &nbsp;&nbsp; &nbsp;Ankunft Kapstadt\u2028Grand Daddy Hotel\u2028\u00dcbernahme des Leihwagen und Fahrt ins Hotel<\/p>\n<p><strong>Sa 31.12.2016<\/strong>&nbsp;&nbsp; &nbsp;Kapstadt\u2028Silvester<\/p>\n<p><strong>So 01.01.2017<\/strong>&nbsp;&nbsp; &nbsp;Kapstadt &#8211; Noordoewer (680 km &#8211; X Std. X Min.)\u2028\u00dc: Orange River Lodge<\/p>\n<p><strong>Mo 02.01.2017<\/strong>&nbsp;&nbsp; &nbsp;Noordoewer &#8211; Fish River Canyon (210 km &#8211; X Std.)\u2028\u00dc: Canyon Road House<\/p>\n<p><strong>Di 03.01.2017<\/strong>&nbsp;&nbsp; &nbsp;&nbsp;&nbsp; &nbsp;Fish River Canyon &#8211; Keetmanshoop (135 km &#8211; X Std. X Min.)\u2028\u00dc: Quivertree Forest Rest Camp<\/p>\n<p><strong>Mi 04.01.2017<\/strong>&nbsp;&nbsp; &nbsp;Keetmanshoop &#8211; L\u00fcderitz (350 km &#8211; X Std. X Min.)\u2028Die Hafenstadt liegt zwischen den D\u00fcnen der Namib und den st\u00fcrmischen Fluten des Atlantischen Ozeans. Gegr\u00fcndet durch den Bremer Kaufmann Adolf L\u00fcderitz, war sie die erste deutsche Siedlung im ehemaligen Deutsch-S\u00fcdwestafrika. Viele Jugendstilbauten zieren noch heute die Stadt und geben dem Ort einen einmaligen Charme. Ein paar Kilometer au\u00dferhalb von L\u00fcderitz befindet sich die im W\u00fcstensand versinkende Geisterstadt Kolmanskuppe. Zerfallene Geb\u00e4ude, in deren R\u00e4umen der Sand mittlerweile meterhoch liegt, zeugen von der einst wohlhabenden Diamantenstadt.\u2028\u00dc: Pension \u201eZur Waterkant\u201c<\/p>\n<p><strong>Do 05.01.2017<\/strong>&nbsp;&nbsp; &nbsp;L\u00fcderitz -Kanaan Desert Retreat<\/p>\n<p>(250 km &#8211; X Std. X Min)\u20282 \u00dc: Kanaan Desert Retreat<\/p>\n<p><strong>Fr 06.01.2017<\/strong>&nbsp;&nbsp; &nbsp;&nbsp;&nbsp; Kanaan Desert Retreat<\/p>\n<p><strong>Sa 07.01.2017<\/strong>&nbsp; Kanaan Desert Retreat &#8211; Sossusvlei (300 km &#8211; X Std. X Min)\u20282 \u00dc: Le Mirage Resort<br \/>\nSo 08.01.2017&nbsp;&nbsp; &nbsp;Sossusvlei\u2028Den absoluten H\u00f6hepunkt bietet die Region im Sossusvlei. Zwischen Swakopmund und L\u00fcderitz liegt diese, von den h\u00f6chsten D\u00fcnen der Welt umschlossene Lehmsenke. Das Gebiet ist ein einziges M\u00e4rchen aus Sand, soweit das Auge reicht. Die Farbschattierungen variieren von blassgelb bis leuchtendrot und orange. Nur selten f\u00fcllt sich das Sossusvlei mit Wasser, welches dann allm\u00e4hlich wieder verdunstet.<br \/>\n<strong>Tag Mo 09.01.2017<\/strong>&nbsp;&nbsp; &nbsp;Sossusvlei &#8211; Gecko Camp (200 km &#8211; X Std. X Min)\u2028\u00dc: Gecko Camp<\/p>\n<p><strong>Mo 10.01.2017<\/strong>&nbsp;&nbsp; &nbsp;Gecko Camp &#8211; Swakopmund (300 km &#8211; X Std. X Min)\u20283 \u00dc: The Stiltz<\/p>\n<p><strong>Mi 11.01.2017<\/strong>&nbsp;&nbsp; &nbsp;&nbsp;&nbsp; &nbsp;Swakopmund\u2028F\u00fchmorgens hei\u00dft es Leinen los. Auf einer 3-st\u00fcndigen Bootsfahrt k\u00f6nnen Sie alles \u00fcber die gro\u00dfen Seev\u00f6gelkolonien erfahren. Robben und Delfine begleiten das Boot und tragen nicht unerheblich zur Unterhaltung bei. Riesige Robbenb\u00e4nke sind hautnah zu sehen. An Bord werden frische Austern, belegte Br\u00f6tchen, s\u00fcdafrikanischer Sekt und leichte Getr\u00e4nke serviert. Gegen 12.00 Uhr erreichen Sie wieder Land und fahren zur\u00fcck nach Swakopmund.\u2028(4 st\u00fcndige Schiffstour)<\/p>\n<p><strong>Mi 12.01.2017<\/strong>&nbsp;&nbsp; &nbsp;Swakopmund<\/p>\n<p><strong>Fr 13.01.2017<\/strong>&nbsp;&nbsp; &nbsp;&nbsp;&nbsp; &nbsp;Swakopmund &#8211; White Lady (230 km &#8211; X Std. X Min)\u2028\u00dc: White Lady<\/p>\n<p><strong>Sa 14.01.2017<\/strong>&nbsp;&nbsp; &nbsp;White Lady &#8211; UgabTerrassen (300 km &#8211; X Std. X Min)\u2028\u00dc: Vingerklip Lodge<\/p>\n<p><strong>So 15.01.2017<\/strong>&nbsp;&nbsp; &nbsp;UgabTerrassen &#8211; Etosha (200 km &#8211; X Std. X Min)\u20284 \u00dc: Okaukuejo Camp<\/p>\n<p><strong>Mo 16.01.2017&nbsp;<\/strong>&nbsp; &nbsp;Etosha Nationalpark<\/p>\n<p><strong>Di 17.01.2017<\/strong>&nbsp;&nbsp; &nbsp;&nbsp;&nbsp; &nbsp;Etosha Nationalpark<\/p>\n<p><strong>Mi 18.01.2017<\/strong>&nbsp;&nbsp; &nbsp;Etosha Nationalpark<\/p>\n<p><strong>Do 19.01.2017<\/strong>&nbsp;&nbsp; &nbsp;Etosha Nationalpark &#8211; Waterberg (X km &#8211; X Std. X Min)\u20282 \u00dc: Waterberg Plateau Lodge<\/p>\n<p>Fr 20.01.2017&nbsp;&nbsp; &nbsp;&nbsp;&nbsp; &nbsp;Waterberg<br \/>\n<strong>Sa 21.01.2017<\/strong>&nbsp;&nbsp; &nbsp;Waterberg &#8211; Windhoek (X km &#8211; X Std. X Min)\u20283 \u00dc: Belvedere Boutique Hotel<\/p>\n<p><strong>So 22.01.2017&nbsp;<\/strong>&nbsp; &nbsp;Windhoek<\/p>\n<p><strong>Mo 23.01.2017&nbsp;<\/strong>&nbsp; &nbsp;Windhoek<\/p>\n<p><strong>Di 24.01.2017&nbsp;<\/strong>&nbsp; &nbsp;&nbsp;&nbsp; &nbsp;Windhoek &#8211; Johannesburg<\/p>\n<p><strong>Mi 25.01.2017<\/strong>&nbsp;&nbsp; &nbsp;Johannesburg &#8211; Frankfurt &#8211; Hannover<\/p>\n<p>[\/et_pb_text][et_pb_text _builder_version=&#8221;3.4&#8243;]<\/p>\n<p><iframe loading=\"lazy\" src=\"https:\/\/www.google.com\/maps\/d\/embed?mid=1DkNT3kC_bezRznWrQDj_r_Jy0JA\" width=\"1280\" height=\"720\"><\/iframe><\/p>\n<p>[\/et_pb_text][\/et_pb_column][\/et_pb_row][\/et_pb_section]<\/p>\n","protected":false},"excerpt":{"rendered":"<p><div class=\"et_pb_row et_pb_row_0 et_pb_row_empty\">\n\t\t\t\t\n\t\t\t\t\n\t\t\t\t\n\t\t\t\t\n\t\t\t\t\n\t\t\t<\/div> Die geplante Route Do 29.12.2016&nbsp;&nbsp; &nbsp;Hannover &#8211; M\u00fcnchen &#8211; Kapstadt Fr 30.12.2106 &nbsp;&nbsp; &nbsp;Ankunft Kapstadt\u2028Grand Daddy Hotel\u2028\u00dcbernahme des Leihwagen und Fahrt ins Hotel Sa 31.12.2016&nbsp;&nbsp; &nbsp;Kapstadt\u2028Silvester So 01.01.2017&nbsp;&nbsp; &nbsp;Kapstadt &#8211; Noordoewer (680 km &#8211; X Std. X Min.)\u2028\u00dc: Orange River Lodge Mo 02.01.2017&nbsp;&nbsp; &nbsp;Noordoewer &#8211; Fish River Canyon (210 km &#8211; X Std.)\u2028\u00dc: Canyon [&hellip;]<\/p>\n","protected":false},"author":2,"featured_media":0,"parent":21,"menu_order":0,"comment_status":"closed","ping_status":"closed","template":"","meta":{"_et_pb_use_builder":"on","_et_pb_old_content":"<strong>Do 29.12.2016<\/strong>\u00a0\u00a0 \u00a0Hannover - M\u00fcnchen - Kapstadt\r\n<strong>Fr 30.12.2106<\/strong> \u00a0\u00a0 \u00a0Ankunft Kapstadt\u2028Grand Daddy Hotel\u2028\u00dcbernahme des Leihwagen und Fahrt ins Hotel\r\n\r\n<strong>Sa 31.12.2016<\/strong>\u00a0\u00a0 \u00a0Kapstadt\u2028Silvester\r\n\r\n<strong>So 01.01.2017<\/strong>\u00a0\u00a0 \u00a0Kapstadt - Noordoewer (680 km - X Std. X Min.)\u2028\u00dc: Orange River Lodge\r\n\r\n<strong>Mo 02.01.2017<\/strong>\u00a0\u00a0 \u00a0Noordoewer - Fish River Canyon (210 km - X Std.)\u2028\u00dc: Canyon Road House\r\n\r\n<strong>Di 03.01.2017<\/strong>\u00a0\u00a0 \u00a0\u00a0\u00a0 \u00a0Fish River Canyon - Keetmanshoop (135 km - X Std. X Min.)\u2028\u00dc: Quivertree Forest Rest Camp\r\n\r\n<strong>Mi 04.01.2017<\/strong>\u00a0\u00a0 \u00a0Keetmanshoop - L\u00fcderitz (350 km - X Std. X Min.)\u2028Die Hafenstadt liegt zwischen den D\u00fcnen der Namib und den st\u00fcrmischen Fluten des Atlantischen Ozeans. Gegr\u00fcndet durch den Bremer Kaufmann Adolf L\u00fcderitz, war sie die erste deutsche Siedlung im ehemaligen Deutsch-S\u00fcdwestafrika. Viele Jugendstilbauten zieren noch heute die Stadt und geben dem Ort einen einmaligen Charme. Ein paar Kilometer au\u00dferhalb von L\u00fcderitz befindet sich die im W\u00fcstensand versinkende Geisterstadt Kolmanskuppe. Zerfallene Geb\u00e4ude, in deren R\u00e4umen der Sand mittlerweile meterhoch liegt, zeugen von der einst wohlhabenden Diamantenstadt.\u2028\u00dc: Pension \u201eZur Waterkant\u201c\r\n\r\n<strong>Do 05.01.2017<\/strong>\u00a0\u00a0 \u00a0L\u00fcderitz -Kanaan Desert Retreat\r\n\r\n(250 km - X Std. X Min)\u20282 \u00dc: Kanaan Desert Retreat\r\n\r\n<strong>Fr 06.01.2017<\/strong>\u00a0\u00a0 \u00a0\u00a0\u00a0 Kanaan Desert Retreat\r\n\r\n<strong>Sa 07.01.2017<\/strong>\u00a0 Kanaan Desert Retreat - Sossusvlei (300 km - X Std. X Min)\u20282 \u00dc: Le Mirage Resort\r\nSo 08.01.2017\u00a0\u00a0 \u00a0Sossusvlei\u2028Den absoluten H\u00f6hepunkt bietet die Region im Sossusvlei. Zwischen Swakopmund und L\u00fcderitz liegt diese, von den h\u00f6chsten D\u00fcnen der Welt umschlossene Lehmsenke. Das Gebiet ist ein einziges M\u00e4rchen aus Sand, soweit das Auge reicht. Die Farbschattierungen variieren von blassgelb bis leuchtendrot und orange. Nur selten f\u00fcllt sich das Sossusvlei mit Wasser, welches dann allm\u00e4hlich wieder verdunstet.\r\n<strong>Tag Mo 09.01.2017<\/strong>\u00a0\u00a0 \u00a0Sossusvlei - Gecko Camp (200 km - X Std. X Min)\u2028\u00dc: Gecko Camp\r\n\r\n<strong>Mo 10.01.2017<\/strong>\u00a0\u00a0 \u00a0Gecko Camp - Swakopmund (300 km - X Std. X Min)\u20283 \u00dc: The Stiltz\r\n\r\n<strong>Mi 11.01.2017<\/strong>\u00a0\u00a0 \u00a0\u00a0\u00a0 \u00a0Swakopmund\u2028F\u00fchmorgens hei\u00dft es Leinen los. Auf einer 3-st\u00fcndigen Bootsfahrt k\u00f6nnen Sie alles \u00fcber die gro\u00dfen Seev\u00f6gelkolonien erfahren. Robben und Delfine begleiten das Boot und tragen nicht unerheblich zur Unterhaltung bei. Riesige Robbenb\u00e4nke sind hautnah zu sehen. An Bord werden frische Austern, belegte Br\u00f6tchen, s\u00fcdafrikanischer Sekt und leichte Getr\u00e4nke serviert. Gegen 12.00 Uhr erreichen Sie wieder Land und fahren zur\u00fcck nach Swakopmund.\u2028(4 st\u00fcndige Schiffstour)\r\n\r\n<strong>Mi 12.01.2017<\/strong>\u00a0\u00a0 \u00a0Swakopmund\r\n\r\n<strong>Fr 13.01.2017<\/strong>\u00a0\u00a0 \u00a0\u00a0\u00a0 \u00a0Swakopmund - White Lady (230 km - X Std. X Min)\u2028\u00dc: White Lady\r\n\r\n<strong>Sa 14.01.2017<\/strong>\u00a0\u00a0 \u00a0White Lady - UgabTerrassen (300 km - X Std. X Min)\u2028\u00dc: Vingerklip Lodge\r\n\r\n<strong>So 15.01.2017<\/strong>\u00a0\u00a0 \u00a0UgabTerrassen - Etosha (200 km - X Std. X Min)\u20284 \u00dc: Okaukuejo Camp\r\n\r\n<strong>Mo 16.01.2017\u00a0<\/strong>\u00a0 \u00a0Etosha Nationalpark\r\n\r\n<strong>Di 17.01.2017<\/strong>\u00a0\u00a0 \u00a0\u00a0\u00a0 \u00a0Etosha Nationalpark\r\n\r\n<strong>Mi 18.01.2017<\/strong>\u00a0\u00a0 \u00a0Etosha Nationalpark\r\n\r\n<strong>Do 19.01.2017<\/strong>\u00a0\u00a0 \u00a0Etosha Nationalpark - Waterberg (X km - X Std. X Min)\u20282 \u00dc: Waterberg Plateau Lodge\r\n\r\nFr 20.01.2017\u00a0\u00a0 \u00a0\u00a0\u00a0 \u00a0Waterberg\r\n<strong>Sa 21.01.2017<\/strong>\u00a0\u00a0 \u00a0Waterberg - Windhoek (X km - X Std. X Min)\u20283 \u00dc: Belvedere Boutique Hotel\r\n\r\n<strong>So 22.01.2017\u00a0<\/strong>\u00a0 \u00a0Windhoek\r\n\r\n<strong>Mo 23.01.2017\u00a0<\/strong>\u00a0 \u00a0Windhoek\r\n\r\n<strong>Di 24.01.2017\u00a0<\/strong>\u00a0 \u00a0\u00a0\u00a0 \u00a0Windhoek - Johannesburg\r\n\r\n<strong>Mi 25.01.2017<\/strong>\u00a0\u00a0 \u00a0Johannesburg - Frankfurt - Hannover","_et_gb_content_width":"","ngg_post_thumbnail":0,"jetpack_post_was_ever_published":false,"footnotes":""},"class_list":["post-286","page","type-page","status-publish","hentry"],"jetpack_shortlink":"https:\/\/wp.me\/P6FbZP-4C","jetpack_sharing_enabled":true,"_links":{"self":[{"href":"https:\/\/urlaubundfotografie.de\/index.php?rest_route=\/wp\/v2\/pages\/286","targetHints":{"allow":["GET"]}}],"collection":[{"href":"https:\/\/urlaubundfotografie.de\/index.php?rest_route=\/wp\/v2\/pages"}],"about":[{"href":"https:\/\/urlaubundfotografie.de\/index.php?rest_route=\/wp\/v2\/types\/page"}],"author":[{"embeddable":true,"href":"https:\/\/urlaubundfotografie.de\/index.php?rest_route=\/wp\/v2\/users\/2"}],"replies":[{"embeddable":true,"href":"https:\/\/urlaubundfotografie.de\/index.php?rest_route=%2Fwp%2Fv2%2Fcomments&post=286"}],"version-history":[{"count":10,"href":"https:\/\/urlaubundfotografie.de\/index.php?rest_route=\/wp\/v2\/pages\/286\/revisions"}],"predecessor-version":[{"id":2034,"href":"https:\/\/urlaubundfotografie.de\/index.php?rest_route=\/wp\/v2\/pages\/286\/revisions\/2034"}],"up":[{"embeddable":true,"href":"https:\/\/urlaubundfotografie.de\/index.php?rest_route=\/wp\/v2\/pages\/21"}],"wp:attachment":[{"href":"https:\/\/urlaubundfotografie.de\/index.php?rest_route=%2Fwp%2Fv2%2Fmedia&parent=286"}],"curies":[{"name":"wp","href":"https:\/\/api.w.org\/{rel}","templated":true}]}}