{"id":2795,"date":"2021-10-24T08:32:14","date_gmt":"2021-10-24T08:32:14","guid":{"rendered":"http:\/\/urlaubundfotografie.de\/?page_id=2795"},"modified":"2021-10-24T08:49:07","modified_gmt":"2021-10-24T08:49:07","slug":"2795-2","status":"publish","type":"page","link":"https:\/\/urlaubundfotografie.de\/?page_id=2795","title":{"rendered":"Neuwerk Insel in der Elbm\u00fcndung"},"content":{"rendered":"\n[et_pb_section fb_built=&#8221;1&#8243; _builder_version=&#8221;3.22&#8243; background_color=&#8221;#000000&#8243;][et_pb_row _builder_version=&#8221;4.9.10&#8243; background_size=&#8221;initial&#8221; background_position=&#8221;top_left&#8221; background_repeat=&#8221;repeat&#8221;][et_pb_column type=&#8221;4_4&#8243; _builder_version=&#8221;3.25&#8243; custom_padding=&#8221;|||&#8221; custom_padding__hover=&#8221;|||&#8221;][et_pb_text _builder_version=&#8221;3.27.4&#8243;][\/et_pb_text][et_pb_text _builder_version=&#8221;3.27.4&#8243;]<h1><span style=\"color: #fcfcfc;\"><strong>Neuwerk Insel in der Elbm\u00fcndung<\/strong><\/span><\/h1>\n<p><span style=\"color: #fcfcfc;\"><strong><\/strong><\/span><\/p>\n<p><span style=\"color: #fcfcfc;\"><strong><\/strong><\/span><\/p>\n<p><span style=\"color: #fcfcfc;\">Die Indel ist nur 3,4 km\u00b2 gro\u00df, hat ca. 40 Bewohner. Ist von Cuxhaven aus bei Niedrigwasser zu Fu\u00df, mit dem Wattwagen oder aber bei Hochwasser mit dem Schiff zu erreichen. Im Oktober ist es sehr ruhig auf Neuwerk die Zahl der Besucher ist \u00fcberschaubar daf\u00fcr gibt es reichlich V\u00f6gel zu beobachten.<\/span><\/p>[\/et_pb_text][\/et_pb_column][\/et_pb_row][et_pb_row _builder_version=&#8221;4.9.10&#8243; _module_preset=&#8221;default&#8221;][et_pb_column type=&#8221;4_4&#8243; _builder_version=&#8221;4.9.10&#8243; _module_preset=&#8221;default&#8221;][et_pb_text _builder_version=&#8221;4.9.10&#8243; _module_preset=&#8221;default&#8221; hover_enabled=&#8221;0&#8243; sticky_enabled=&#8221;0&#8243;]ngg_shortcode_0_placeholder[\/et_pb_text][\/et_pb_column][\/et_pb_row][\/et_pb_section][et_pb_section fb_built=&#8221;1&#8243; fullwidth=&#8221;on&#8221; _builder_version=&#8221;4.9.10&#8243; _module_preset=&#8221;default&#8221;][\/et_pb_section]\n","protected":false},"excerpt":{"rendered":"<p>Neuwerk Insel in der Elbm\u00fcndung Die Indel ist nur 3,4 km\u00b2 gro\u00df, hat ca. 40 Bewohner. Ist von Cuxhaven aus bei Niedrigwasser zu Fu\u00df, mit dem Wattwagen oder aber bei Hochwasser mit dem Schiff zu erreichen. Im Oktober ist es sehr ruhig auf Neuwerk die Zahl der Besucher ist \u00fcberschaubar daf\u00fcr gibt es reichlich V\u00f6gel [&hellip;]<\/p>\n","protected":false},"author":2,"featured_media":0,"parent":19,"menu_order":5,"comment_status":"closed","ping_status":"closed","template":"","meta":{"_et_pb_use_builder":"on","_et_pb_old_content":"","_et_gb_content_width":"","ngg_post_thumbnail":0,"jetpack_post_was_ever_published":false,"footnotes":""},"class_list":["post-2795","page","type-page","status-publish","hentry"],"jetpack_shortlink":"https:\/\/wp.me\/P6FbZP-J5","jetpack_sharing_enabled":true,"_links":{"self":[{"href":"https:\/\/urlaubundfotografie.de\/index.php?rest_route=\/wp\/v2\/pages\/2795","targetHints":{"allow":["GET"]}}],"collection":[{"href":"https:\/\/urlaubundfotografie.de\/index.php?rest_route=\/wp\/v2\/pages"}],"about":[{"href":"https:\/\/urlaubundfotografie.de\/index.php?rest_route=\/wp\/v2\/types\/page"}],"author":[{"embeddable":true,"href":"https:\/\/urlaubundfotografie.de\/index.php?rest_route=\/wp\/v2\/users\/2"}],"replies":[{"embeddable":true,"href":"https:\/\/urlaubundfotografie.de\/index.php?rest_route=%2Fwp%2Fv2%2Fcomments&post=2795"}],"version-history":[{"count":6,"href":"https:\/\/urlaubundfotografie.de\/index.php?rest_route=\/wp\/v2\/pages\/2795\/revisions"}],"predecessor-version":[{"id":2861,"href":"https:\/\/urlaubundfotografie.de\/index.php?rest_route=\/wp\/v2\/pages\/2795\/revisions\/2861"}],"up":[{"embeddable":true,"href":"https:\/\/urlaubundfotografie.de\/index.php?rest_route=\/wp\/v2\/pages\/19"}],"wp:attachment":[{"href":"https:\/\/urlaubundfotografie.de\/index.php?rest_route=%2Fwp%2Fv2%2Fmedia&parent=2795"}],"curies":[{"name":"wp","href":"https:\/\/api.w.org\/{rel}","templated":true}]}}