{"id":2701,"date":"2021-02-25T13:01:47","date_gmt":"2021-02-25T13:01:47","guid":{"rendered":"http:\/\/urlaubundfotografie.de\/?page_id=2701"},"modified":"2021-02-25T13:03:11","modified_gmt":"2021-02-25T13:03:11","slug":"2701-2","status":"publish","type":"page","link":"https:\/\/urlaubundfotografie.de\/?page_id=2701","title":{"rendered":"Festival of lights"},"content":{"rendered":"<p>[et_pb_section fb_built=&#8221;1&#8243; _builder_version=&#8221;3.22&#8243; background_color=&#8221;#000000&#8243; custom_padding=&#8221;54px|0px|54px|0px|false|false&#8221; locked=&#8221;off&#8221;][et_pb_row _builder_version=&#8221;3.25&#8243; background_size=&#8221;initial&#8221; background_position=&#8221;top_left&#8221; background_repeat=&#8221;repeat&#8221;][et_pb_column type=&#8221;4_4&#8243; _builder_version=&#8221;3.25&#8243; custom_padding=&#8221;|||&#8221; custom_padding__hover=&#8221;|||&#8221;][et_pb_text _builder_version=&#8221;3.27.4&#8243;]<\/p>\n<h1 class=\"et_pb_module_header et-fb-editable-element et-fb-editable-element__editing\" data-shortcode-id=\"0.0-1546519802658\" data-quickaccess-id=\"title\" contenteditable=\"true\"><span style=\"color: #ffffff;\">FESTIVAL OF LIGHTS &#8211; Berlin<\/span><\/h1>\n<p>Die Lichtinszenierungen auf den weltber\u00fchmten Wahrzeichen, Geb\u00e4uden und Pl\u00e4tzen Berlins machen das FESTIVAL OF LIGHTS zu einem der popul\u00e4rsten Lichtkunstfestivals der Welt. Es mach einfach Spa\u00df durch die Stadt zu laufen und sich die Arbeit der nationalen und internationalen K\u00fcnstler anzuschauen, die Berlin in eine gro\u00dfe strahlende B\u00fchne verwandeln \u2013 ganz Berlin leuchtet!<\/p>\n<p><span style=\"color: #ffffff;\">\u00a0<\/span><\/p>\n<p>[\/et_pb_text][et_pb_text _builder_version=&#8221;4.7.7&#8243; hover_enabled=&#8221;0&#8243; sticky_enabled=&#8221;0&#8243;]<\/p>\nngg_shortcode_0_placeholder\n<p>[\/et_pb_text][\/et_pb_column][\/et_pb_row][\/et_pb_section]<\/p>\n","protected":false},"excerpt":{"rendered":"<p>FESTIVAL OF LIGHTS &#8211; Berlin Die Lichtinszenierungen auf den weltber\u00fchmten Wahrzeichen, Geb\u00e4uden und Pl\u00e4tzen Berlins machen das FESTIVAL OF LIGHTS zu einem der popul\u00e4rsten Lichtkunstfestivals der Welt. Es mach einfach Spa\u00df durch die Stadt zu laufen und sich die Arbeit der nationalen und internationalen K\u00fcnstler anzuschauen, die Berlin in eine gro\u00dfe strahlende B\u00fchne verwandeln \u2013 [&hellip;]<\/p>\n","protected":false},"author":2,"featured_media":0,"parent":19,"menu_order":4,"comment_status":"open","ping_status":"closed","template":"","meta":{"_et_pb_use_builder":"on","_et_pb_old_content":"","_et_gb_content_width":"","ngg_post_thumbnail":0,"jetpack_post_was_ever_published":false,"footnotes":""},"class_list":["post-2701","page","type-page","status-publish","hentry"],"jetpack_shortlink":"https:\/\/wp.me\/P6FbZP-Hz","jetpack_sharing_enabled":true,"_links":{"self":[{"href":"https:\/\/urlaubundfotografie.de\/index.php?rest_route=\/wp\/v2\/pages\/2701","targetHints":{"allow":["GET"]}}],"collection":[{"href":"https:\/\/urlaubundfotografie.de\/index.php?rest_route=\/wp\/v2\/pages"}],"about":[{"href":"https:\/\/urlaubundfotografie.de\/index.php?rest_route=\/wp\/v2\/types\/page"}],"author":[{"embeddable":true,"href":"https:\/\/urlaubundfotografie.de\/index.php?rest_route=\/wp\/v2\/users\/2"}],"replies":[{"embeddable":true,"href":"https:\/\/urlaubundfotografie.de\/index.php?rest_route=%2Fwp%2Fv2%2Fcomments&post=2701"}],"version-history":[{"count":4,"href":"https:\/\/urlaubundfotografie.de\/index.php?rest_route=\/wp\/v2\/pages\/2701\/revisions"}],"predecessor-version":[{"id":2708,"href":"https:\/\/urlaubundfotografie.de\/index.php?rest_route=\/wp\/v2\/pages\/2701\/revisions\/2708"}],"up":[{"embeddable":true,"href":"https:\/\/urlaubundfotografie.de\/index.php?rest_route=\/wp\/v2\/pages\/19"}],"wp:attachment":[{"href":"https:\/\/urlaubundfotografie.de\/index.php?rest_route=%2Fwp%2Fv2%2Fmedia&parent=2701"}],"curies":[{"name":"wp","href":"https:\/\/api.w.org\/{rel}","templated":true}]}}