{"id":2423,"date":"2019-01-03T12:34:58","date_gmt":"2019-01-03T12:34:58","guid":{"rendered":"http:\/\/urlaubundfotografie.de\/?page_id=2423"},"modified":"2019-01-03T13:06:01","modified_gmt":"2019-01-03T13:06:01","slug":"singapur-und-bali-november-2018","status":"publish","type":"page","link":"https:\/\/urlaubundfotografie.de\/?page_id=2423","title":{"rendered":"Singapur und Bali 2018"},"content":{"rendered":"<p>[et_pb_section fb_built=&#8221;1&#8243; _builder_version=&#8221;3.4&#8243; background_color=&#8221;#000000&#8243; custom_padding=&#8221;54px|0px|54px|0px|false|false&#8221; locked=&#8221;off&#8221;][et_pb_row _builder_version=&#8221;3.18.7&#8243; background_size=&#8221;initial&#8221; background_position=&#8221;top_left&#8221; background_repeat=&#8221;repeat&#8221;][et_pb_column type=&#8221;4_4&#8243; _builder_version=&#8221;3.0.47&#8243; parallax=&#8221;off&#8221; parallax_method=&#8221;on&#8221;][et_pb_text _builder_version=&#8221;3.18.7&#8243;]<\/p>\n<h1 class=\"et_pb_module_header et-fb-editable-element et-fb-editable-element__editing\" data-shortcode-id=\"0.0-1546519802658\" data-quickaccess-id=\"title\" contenteditable=\"true\"><span style=\"color: #ffffff;\">Singapur und Bali November 2018<\/span><\/h1>\n<p><span style=\"color: #ffffff;\">Singapur eine quirliege Metropole und vielleicht eine der sch\u00f6nsten St\u00e4dte der Welt. Vom Botanischen Garten \u00fcber Chinatown und Little India bis zum Marina Bay Sands gibt es viel zu sehen. Auch wenn drei Tage nur f\u00fcr einen kleinen Eindruck reichen.<\/span><\/p>\n<p><span style=\"color: #ffffff;\">Weiter ging es nach Bali der &#8220;Insel der G\u00f6tter&#8221;, die einen gro\u00dfen Kontrast zu Singapur bildet. Auf Bali stehen Religion und Tradition f\u00fcr die Menschen im Mittelpunkt. \u00dcber 90 % der Mensche geh\u00f6ren dem Hinduismus an. Es gibt von eindrucksvolle Tempelanlagen und einer einzigartigen hinduistischen Kultur bis hin zu den ber\u00fchmten Reisterrassen unglaublich viel zu sehen. Dabei kommt die Erholung am oder im Indischen Ozean nicht zu kurz.<\/span><\/p>\n<p>[\/et_pb_text][et_pb_text _builder_version=&#8221;3.4&#8243;]<\/p>\nngg_shortcode_0_placeholder\n<p>[\/et_pb_text][\/et_pb_column][\/et_pb_row][\/et_pb_section]<\/p>\n","protected":false},"excerpt":{"rendered":"<p>Singapur und Bali November 2018 Singapur eine quirliege Metropole und vielleicht eine der sch\u00f6nsten St\u00e4dte der Welt. Vom Botanischen Garten \u00fcber Chinatown und Little India bis zum Marina Bay Sands gibt es viel zu sehen. Auch wenn drei Tage nur f\u00fcr einen kleinen Eindruck reichen. Weiter ging es nach Bali der &#8220;Insel der G\u00f6tter&#8221;, die [&hellip;]<\/p>\n","protected":false},"author":2,"featured_media":0,"parent":21,"menu_order":4,"comment_status":"closed","ping_status":"closed","template":"","meta":{"_et_pb_use_builder":"on","_et_pb_old_content":"","_et_gb_content_width":"","ngg_post_thumbnail":0,"jetpack_post_was_ever_published":false,"footnotes":""},"class_list":["post-2423","page","type-page","status-publish","hentry"],"jetpack_shortlink":"https:\/\/wp.me\/P6FbZP-D5","jetpack_sharing_enabled":true,"_links":{"self":[{"href":"https:\/\/urlaubundfotografie.de\/index.php?rest_route=\/wp\/v2\/pages\/2423","targetHints":{"allow":["GET"]}}],"collection":[{"href":"https:\/\/urlaubundfotografie.de\/index.php?rest_route=\/wp\/v2\/pages"}],"about":[{"href":"https:\/\/urlaubundfotografie.de\/index.php?rest_route=\/wp\/v2\/types\/page"}],"author":[{"embeddable":true,"href":"https:\/\/urlaubundfotografie.de\/index.php?rest_route=\/wp\/v2\/users\/2"}],"replies":[{"embeddable":true,"href":"https:\/\/urlaubundfotografie.de\/index.php?rest_route=%2Fwp%2Fv2%2Fcomments&post=2423"}],"version-history":[{"count":12,"href":"https:\/\/urlaubundfotografie.de\/index.php?rest_route=\/wp\/v2\/pages\/2423\/revisions"}],"predecessor-version":[{"id":2445,"href":"https:\/\/urlaubundfotografie.de\/index.php?rest_route=\/wp\/v2\/pages\/2423\/revisions\/2445"}],"up":[{"embeddable":true,"href":"https:\/\/urlaubundfotografie.de\/index.php?rest_route=\/wp\/v2\/pages\/21"}],"wp:attachment":[{"href":"https:\/\/urlaubundfotografie.de\/index.php?rest_route=%2Fwp%2Fv2%2Fmedia&parent=2423"}],"curies":[{"name":"wp","href":"https:\/\/api.w.org\/{rel}","templated":true}]}}