{"id":1924,"date":"2018-08-11T13:53:26","date_gmt":"2018-08-11T13:53:26","guid":{"rendered":"http:\/\/urlaubundfotografie.de\/?page_id=1924"},"modified":"2018-08-19T10:35:33","modified_gmt":"2018-08-19T10:35:33","slug":"die-insel-juist-2017","status":"publish","type":"page","link":"https:\/\/urlaubundfotografie.de\/?page_id=1924","title":{"rendered":"Die Insel Juist 2017"},"content":{"rendered":"<p>[et_pb_section bb_built=&#8221;1&#8243; _builder_version=&#8221;3.4&#8243; background_color=&#8221;#000000&#8243;][et_pb_row][et_pb_column type=&#8221;4_4&#8243;][et_pb_text _builder_version=&#8221;3.4&#8243;]<\/p>\n<h1><span style=\"color: #ffffff;\">Die Insel Juist<\/span><\/h1>\n<p><span style=\"color: #ffffff;\">Die Nordseeinsel <b>Juist<\/b> ist eine der ostfriesischen Inseln im nieders\u00e4chsischen Wattenmeer und liegt zwischen Borkum und Norderney. Die Insel hat eine L\u00e4nge von 17&nbsp;Kilometern und ist damit die l\u00e4ngste der ostfriesischen Inseln. Die maximale Breite betr\u00e4gt 900&nbsp;Meter, die minimale nur 500&nbsp;Meter. Die Gemeinde Juist geh\u00f6rt zum Landkreis Aurich in Niedersachsen und hat 1571&nbsp;Einwohner. Auf der Insel gibt es zwei Ortsteile: den in <i>Westdorf<\/i> und <i>Ostdorf<\/i> unterteilten Hauptort sowie Loog.<\/span><\/p>\n<p>[\/et_pb_text][et_pb_text _builder_version=&#8221;3.4&#8243;]<\/p>\nngg_shortcode_0_placeholder\n<p>[\/et_pb_text][\/et_pb_column][\/et_pb_row][\/et_pb_section]<\/p>\n","protected":false},"excerpt":{"rendered":"<p><div class=\"et_pb_row et_pb_row_0 et_pb_row_empty\">\n\t\t\t\t\n\t\t\t\t\n\t\t\t\t\n\t\t\t\t\n\t\t\t\t\n\t\t\t<\/div> Die Insel Juist Die Nordseeinsel Juist ist eine der ostfriesischen Inseln im nieders\u00e4chsischen Wattenmeer und liegt zwischen Borkum und Norderney. Die Insel hat eine L\u00e4nge von 17&nbsp;Kilometern und ist damit die l\u00e4ngste der ostfriesischen Inseln. Die maximale Breite betr\u00e4gt 900&nbsp;Meter, die minimale nur 500&nbsp;Meter. Die Gemeinde Juist geh\u00f6rt zum Landkreis Aurich in Niedersachsen und [&hellip;]<\/p>\n","protected":false},"author":2,"featured_media":0,"parent":19,"menu_order":2,"comment_status":"closed","ping_status":"closed","template":"","meta":{"_et_pb_use_builder":"on","_et_pb_old_content":"","_et_gb_content_width":"","ngg_post_thumbnail":0,"jetpack_post_was_ever_published":false,"footnotes":""},"class_list":["post-1924","page","type-page","status-publish","hentry"],"jetpack_shortlink":"https:\/\/wp.me\/P6FbZP-v2","jetpack_sharing_enabled":true,"_links":{"self":[{"href":"https:\/\/urlaubundfotografie.de\/index.php?rest_route=\/wp\/v2\/pages\/1924","targetHints":{"allow":["GET"]}}],"collection":[{"href":"https:\/\/urlaubundfotografie.de\/index.php?rest_route=\/wp\/v2\/pages"}],"about":[{"href":"https:\/\/urlaubundfotografie.de\/index.php?rest_route=\/wp\/v2\/types\/page"}],"author":[{"embeddable":true,"href":"https:\/\/urlaubundfotografie.de\/index.php?rest_route=\/wp\/v2\/users\/2"}],"replies":[{"embeddable":true,"href":"https:\/\/urlaubundfotografie.de\/index.php?rest_route=%2Fwp%2Fv2%2Fcomments&post=1924"}],"version-history":[{"count":8,"href":"https:\/\/urlaubundfotografie.de\/index.php?rest_route=\/wp\/v2\/pages\/1924\/revisions"}],"predecessor-version":[{"id":2293,"href":"https:\/\/urlaubundfotografie.de\/index.php?rest_route=\/wp\/v2\/pages\/1924\/revisions\/2293"}],"up":[{"embeddable":true,"href":"https:\/\/urlaubundfotografie.de\/index.php?rest_route=\/wp\/v2\/pages\/19"}],"wp:attachment":[{"href":"https:\/\/urlaubundfotografie.de\/index.php?rest_route=%2Fwp%2Fv2%2Fmedia&parent=1924"}],"curies":[{"name":"wp","href":"https:\/\/api.w.org\/{rel}","templated":true}]}}