{"id":16,"date":"2015-06-04T18:00:24","date_gmt":"2015-06-04T18:00:24","guid":{"rendered":"http:\/\/urlaubundfotografie.de\/?page_id=16"},"modified":"2018-08-19T12:13:33","modified_gmt":"2018-08-19T12:13:33","slug":"madeira-vom-28-05-bis-04-06-2015","status":"publish","type":"page","link":"https:\/\/urlaubundfotografie.de\/?page_id=16","title":{"rendered":"Madeira vom 28.05. bis 04.06.2015"},"content":{"rendered":"<p>[et_pb_section bb_built=&#8221;1&#8243; _builder_version=&#8221;3.4&#8243; background_color=&#8221;#000000&#8243;][et_pb_row][et_pb_column type=&#8221;4_4&#8243;][et_pb_text _builder_version=&#8221;3.4&#8243;]<\/p>\n<h1><span style=\"color: #ffffff;\">Eine Woche Erholung und Wandern auf Madeira<\/span><\/h1>\n<p><span style=\"color: #ffffff;\"><b>Madeira<\/b> (von portugiesisch <span lang=\"pt-Latn\"><i>madeira<\/i><\/span> f\u00fcr \u201eHolz\u201c) ist eine portugiesische Insel, 951&nbsp;km s\u00fcdwestlich von Lissabon und 737&nbsp;km westlich der marokkanischen K\u00fcste im Atlantischen Ozean. Sie geh\u00f6rt mit der kleineren Insel Porto Santo und der unbewohnten kleineren Inselgruppe Ilhas Desertas zur Inselgruppe Madeira, die gemeinsam mit den ebenfalls unbewohnten Ilhas Selvagens die Autonome Region Madeira bildet.<\/span><\/p>\n<p><span style=\"color: #ffffff;\">Die Bewohner von Madeira hei\u00dfen Madeirer und Madeirerinnen, das Adjektiv zu Madeira lautet madeirisch. 94,5&nbsp;% der Bev\u00f6lkerung Madeiras geh\u00f6ren der katholischen Kirche an. Madeira hat etwa 235.000 Einwohner auf einer Fl\u00e4che von 801&nbsp;km\u00b2. Davon entfallen 741&nbsp;km\u00b2 auf die Hauptinsel Madeira und 42,5&nbsp;km\u00b2 auf die kleinere Insel Porto Santo, 14,2&nbsp;km\u00b2 auf die Ilhas Desertas sowie 3,6&nbsp;km\u00b2 auf die Ilhas Selvagens.<\/span><\/p>\n<p>[\/et_pb_text][et_pb_text _builder_version=&#8221;3.4&#8243;]<\/p>\nngg_shortcode_0_placeholder\n<p>[\/et_pb_text][\/et_pb_column][\/et_pb_row][\/et_pb_section]<\/p>\n","protected":false},"excerpt":{"rendered":"<p><div class=\"et_pb_row et_pb_row_0 et_pb_row_empty\">\n\t\t\t\t\n\t\t\t\t\n\t\t\t\t\n\t\t\t\t\n\t\t\t\t\n\t\t\t<\/div> Eine Woche Erholung und Wandern auf Madeira Madeira (von portugiesisch madeira f\u00fcr \u201eHolz\u201c) ist eine portugiesische Insel, 951&nbsp;km s\u00fcdwestlich von Lissabon und 737&nbsp;km westlich der marokkanischen K\u00fcste im Atlantischen Ozean. Sie geh\u00f6rt mit der kleineren Insel Porto Santo und der unbewohnten kleineren Inselgruppe Ilhas Desertas zur Inselgruppe Madeira, die gemeinsam mit den ebenfalls unbewohnten [&hellip;]<\/p>\n","protected":false},"author":2,"featured_media":0,"parent":2,"menu_order":0,"comment_status":"closed","ping_status":"closed","template":"","meta":{"_et_pb_use_builder":"on","_et_pb_old_content":"<p>[gallery ids=\"34,35,36,37,38,39,40,41,42,43,44,45,46,47,48,49,50,51,52,53,54,55,56,57,58,59,60,61,62,63,64,65,66,67,68,69,70,71,72,73,74,75,76\"]<\/p>","_et_gb_content_width":"","ngg_post_thumbnail":0,"jetpack_post_was_ever_published":false,"footnotes":""},"class_list":["post-16","page","type-page","status-publish","hentry"],"jetpack_shortlink":"https:\/\/wp.me\/P6FbZP-g","jetpack_sharing_enabled":true,"_links":{"self":[{"href":"https:\/\/urlaubundfotografie.de\/index.php?rest_route=\/wp\/v2\/pages\/16","targetHints":{"allow":["GET"]}}],"collection":[{"href":"https:\/\/urlaubundfotografie.de\/index.php?rest_route=\/wp\/v2\/pages"}],"about":[{"href":"https:\/\/urlaubundfotografie.de\/index.php?rest_route=\/wp\/v2\/types\/page"}],"author":[{"embeddable":true,"href":"https:\/\/urlaubundfotografie.de\/index.php?rest_route=\/wp\/v2\/users\/2"}],"replies":[{"embeddable":true,"href":"https:\/\/urlaubundfotografie.de\/index.php?rest_route=%2Fwp%2Fv2%2Fcomments&post=16"}],"version-history":[{"count":5,"href":"https:\/\/urlaubundfotografie.de\/index.php?rest_route=\/wp\/v2\/pages\/16\/revisions"}],"predecessor-version":[{"id":2307,"href":"https:\/\/urlaubundfotografie.de\/index.php?rest_route=\/wp\/v2\/pages\/16\/revisions\/2307"}],"up":[{"embeddable":true,"href":"https:\/\/urlaubundfotografie.de\/index.php?rest_route=\/wp\/v2\/pages\/2"}],"wp:attachment":[{"href":"https:\/\/urlaubundfotografie.de\/index.php?rest_route=%2Fwp%2Fv2%2Fmedia&parent=16"}],"curies":[{"name":"wp","href":"https:\/\/api.w.org\/{rel}","templated":true}]}}